{"id":1760,"date":"2019-04-09T13:57:43","date_gmt":"2019-04-09T13:57:43","guid":{"rendered":"https:\/\/dlux-led.com\/about-us\/"},"modified":"2019-04-09T14:37:16","modified_gmt":"2019-04-09T14:37:16","slug":"nosotros","status":"publish","type":"page","link":"https:\/\/dlux-led.com\/es\/nosotros\/","title":{"rendered":"Nosotros"},"content":{"rendered":"\t<section class=\"section\" id=\"section_62497112\">\n\t\t<div class=\"bg section-bg fill bg-fill  bg-loaded\" >\n\n\t\t\t\n\t\t\t\n\t\t\t\n\n\t\t<\/div><!-- .section-bg -->\n\n\t\t<div class=\"section-content relative\">\n\t\t\t\n<div class=\"slider-wrapper relative \" id=\"slider-13500677\" >\n    <div class=\"slider slider-nav-circle slider-nav-large slider-nav-light slider-style-normal\"\n        data-flickity-options='{\n            \"cellAlign\": \"center\",\n            \"imagesLoaded\": true,\n            \"lazyLoad\": 1,\n            \"freeScroll\": false,\n            \"wrapAround\": true,\n            \"autoPlay\": 6000,\n            \"pauseAutoPlayOnHover\" : true,\n            \"prevNextButtons\": true,\n            \"contain\" : true,\n            \"adaptiveHeight\" : true,\n            \"dragThreshold\" : 10,\n            \"percentPosition\": true,\n            \"pageDots\": true,\n            \"rightToLeft\": false,\n            \"draggable\": true,\n            \"selectedAttraction\": 0.1,\n            \"parallax\" : 0,\n            \"friction\": 0.6        }'\n        >\n        \n\t<div class=\"img has-hover x md-x lg-x y md-y lg-y\" id=\"image_1117754468\">\n\t\t\t\t\t\t\t\t<div class=\"img-inner dark\" >\n\t\t\t<img loading=\"lazy\" decoding=\"async\" width=\"1020\" height=\"322\" src=\"https:\/\/dlux-led.com\/wp-content\/uploads\/2019\/04\/about-1400x442.jpg\" class=\"attachment-large size-large\" alt=\"\" srcset=\"https:\/\/dlux-led.com\/wp-content\/uploads\/2019\/04\/about-1400x442.jpg 1400w, https:\/\/dlux-led.com\/wp-content\/uploads\/2019\/04\/about-800x253.jpg 800w, https:\/\/dlux-led.com\/wp-content\/uploads\/2019\/04\/about-768x243.jpg 768w, https:\/\/dlux-led.com\/wp-content\/uploads\/2019\/04\/about-510x161.jpg 510w, https:\/\/dlux-led.com\/wp-content\/uploads\/2019\/04\/about.jpg 1900w\" sizes=\"auto, (max-width: 1020px) 100vw, 1020px\" \/>\t\t\t\t\t\t\n\t\t\t\t\t<\/div>\n\t\t\t\t\t\t\t\t\n<style scope=\"scope\">\n\n#image_1117754468 {\n  width: 100%;\n}\n<\/style>\n\t<\/div>\n\t\n     <\/div>\n\n     <div class=\"loading-spin dark large centered\"><\/div>\n\n     <style scope=\"scope\">\n             <\/style>\n<\/div><!-- .ux-slider-wrapper -->\n\n\n\t\t<\/div><!-- .section-content -->\n\n\t\t\n<style scope=\"scope\">\n\n#section_62497112 {\n  padding-top: 20px;\n  padding-bottom: 20px;\n}\n<\/style>\n\t<\/section>\n\t\n\t<section class=\"section\" id=\"section_844428782\">\n\t\t<div class=\"bg section-bg fill bg-fill  bg-loaded\" >\n\n\t\t\t\n\t\t\t\n\t\t\t\n\n\t\t<\/div><!-- .section-bg -->\n\n\t\t<div class=\"section-content relative\">\n\t\t\t\n<div class=\"row\"  id=\"row-457423725\">\n<div class=\"col medium-2 small-12 large-2\"  ><div class=\"col-inner\"  >\n<\/div><\/div>\n<div class=\"col medium-8 small-12 large-8\"  ><div class=\"col-inner\"  >\n<h3>Nosotros<\/h3>\n<p>dLux comenz\u00f3 en la industria de las luces LED en 2013 como una empresa joven y din\u00e1mica de LED que ofrece soluciones de iluminaci\u00f3n para los mercados comerciales e industriales. Adem\u00e1s de la alta calidad de las luces LED, dLux tambi\u00e9n ofrece una amplia gama de soporte t\u00e9cnico flexible y de respuesta r\u00e1pida a nuestros clientes que garantizan soluciones de iluminaci\u00f3n de optimizaci\u00f3n m\u00e1xima. <\/p>\n<p> Respaldado por un equipo lleno de experiencia y esp\u00edritu de trabajo en equipo, dLux pretende ser su soluci\u00f3n de iluminaci\u00f3n confiable con luces LED de vanguardia y el m\u00e1s alto nivel de servicio al cliente.<\/p>\n<\/div><\/div>\n<\/div>\n\t\t<\/div><!-- .section-content -->\n\n\t\t\n<style scope=\"scope\">\n\n#section_844428782 {\n  padding-top: 30px;\n  padding-bottom: 30px;\n}\n<\/style>\n\t<\/section>\n\t\n","protected":false},"excerpt":{"rendered":"","protected":false},"author":13,"featured_media":0,"parent":0,"menu_order":0,"comment_status":"closed","ping_status":"closed","template":"page-blank.php","meta":{"_monsterinsights_skip_tracking":false,"_monsterinsights_sitenote_active":false,"_monsterinsights_sitenote_note":"","_monsterinsights_sitenote_category":0,"footnotes":""},"class_list":["post-1760","page","type-page","status-publish","hentry"],"_links":{"self":[{"href":"https:\/\/dlux-led.com\/es\/wp-json\/wp\/v2\/pages\/1760","targetHints":{"allow":["GET"]}}],"collection":[{"href":"https:\/\/dlux-led.com\/es\/wp-json\/wp\/v2\/pages"}],"about":[{"href":"https:\/\/dlux-led.com\/es\/wp-json\/wp\/v2\/types\/page"}],"author":[{"embeddable":true,"href":"https:\/\/dlux-led.com\/es\/wp-json\/wp\/v2\/users\/13"}],"replies":[{"embeddable":true,"href":"https:\/\/dlux-led.com\/es\/wp-json\/wp\/v2\/comments?post=1760"}],"version-history":[{"count":2,"href":"https:\/\/dlux-led.com\/es\/wp-json\/wp\/v2\/pages\/1760\/revisions"}],"predecessor-version":[{"id":1763,"href":"https:\/\/dlux-led.com\/es\/wp-json\/wp\/v2\/pages\/1760\/revisions\/1763"}],"wp:attachment":[{"href":"https:\/\/dlux-led.com\/es\/wp-json\/wp\/v2\/media?parent=1760"}],"curies":[{"name":"wp","href":"https:\/\/api.w.org\/{rel}","templated":true}]}}