{"id":1009,"date":"2018-12-03T21:04:07","date_gmt":"2018-12-03T21:04:07","guid":{"rendered":"https:\/\/dlux-led.com\/?post_type=product&#038;p=1009"},"modified":"2018-12-17T18:52:58","modified_gmt":"2018-12-17T18:52:58","slug":"led-flood-light-f-series","status":"publish","type":"product","link":"https:\/\/dlux-led.com\/es\/producto\/led-flood-light-f-series\/","title":{"rendered":"LED flood light  (F SERIES)"},"content":{"rendered":"<p><strong>Aplicaciones:<\/strong> Cartelera, estacionamiento, plaza de edificio, calzada, etc.<\/p>\n<p><img loading=\"lazy\" decoding=\"async\" class=\"alignnone wp-image-1011 size-full\" src=\"https:\/\/dlux-led.com\/wp-content\/uploads\/2018\/12\/dlux.jpg\" alt=\"\" width=\"1045\" height=\"682\" \/><\/p>\n","protected":false},"excerpt":{"rendered":"<p>\u2022 Alta eficacia 100lm \/ w con dise\u00f1o robusto.<br \/>\n\u2022 Controlador de potencia aprobado por Meanwell o TUV de alta calidad<br \/>\n\u2022 Vidrio templado de 4 mm, soporte ajustable 180 \u00b0<br \/>\n\u2022 Dise\u00f1o de respirador para 150W y 200W, presi\u00f3n de equilibrio entre la l\u00e1mpara interna y externa \u2022 Aletas de enfriamiento sobresalientes y control t\u00e9rmico t\u00e9rmico de las aletas con cremallera<br \/>\n\u2022 IP65 e IK08 a prueba de agua para uso industrial.<\/p>\n","protected":false},"featured_media":1012,"template":"","meta":{"_monsterinsights_skip_tracking":false,"_monsterinsights_sitenote_active":false,"_monsterinsights_sitenote_note":"","_monsterinsights_sitenote_category":0},"product_brand":[],"product_cat":[15,174],"product_tag":[],"class_list":{"0":"post-1009","1":"product","2":"type-product","3":"status-publish","4":"has-post-thumbnail","6":"product_cat-todos","7":"product_cat-led-flood-light","9":"first","10":"instock","11":"featured","12":"shipping-taxable","13":"product-type-simple"},"_links":{"self":[{"href":"https:\/\/dlux-led.com\/es\/wp-json\/wp\/v2\/product\/1009","targetHints":{"allow":["GET"]}}],"collection":[{"href":"https:\/\/dlux-led.com\/es\/wp-json\/wp\/v2\/product"}],"about":[{"href":"https:\/\/dlux-led.com\/es\/wp-json\/wp\/v2\/types\/product"}],"wp:featuredmedia":[{"embeddable":true,"href":"https:\/\/dlux-led.com\/es\/wp-json\/wp\/v2\/media\/1012"}],"wp:attachment":[{"href":"https:\/\/dlux-led.com\/es\/wp-json\/wp\/v2\/media?parent=1009"}],"wp:term":[{"taxonomy":"product_brand","embeddable":true,"href":"https:\/\/dlux-led.com\/es\/wp-json\/wp\/v2\/product_brand?post=1009"},{"taxonomy":"product_cat","embeddable":true,"href":"https:\/\/dlux-led.com\/es\/wp-json\/wp\/v2\/product_cat?post=1009"},{"taxonomy":"product_tag","embeddable":true,"href":"https:\/\/dlux-led.com\/es\/wp-json\/wp\/v2\/product_tag?post=1009"}],"curies":[{"name":"wp","href":"https:\/\/api.w.org\/{rel}","templated":true}]}}