{"id":1013,"date":"2018-12-03T21:12:11","date_gmt":"2018-12-03T21:12:11","guid":{"rendered":"https:\/\/dlux-led.com\/?post_type=product&#038;p=1013"},"modified":"2018-12-17T18:52:59","modified_gmt":"2018-12-17T18:52:59","slug":"asymmetric-led-flood-light","status":"publish","type":"product","link":"https:\/\/dlux-led.com\/es\/producto\/asymmetric-led-flood-light\/","title":{"rendered":"Asymmetric LED flood light"},"content":{"rendered":"<p><strong>Aplicaciones:<\/strong> Cancha de tenis, cancha de f\u00fatbol peque\u00f1a, cancha de b\u00e1squetbol, \u200b\u200bcartelera, estacionamiento, etc.<\/p>\n<p><img loading=\"lazy\" decoding=\"async\" class=\"alignnone wp-image-1015 size-full\" src=\"https:\/\/dlux-led.com\/wp-content\/uploads\/2018\/12\/Asymmetric-LED-flood-light.jpg\" alt=\"\" width=\"1039\" height=\"695\" \/><\/p>\n","protected":false},"excerpt":{"rendered":"<p>\u2022 Reflector \u00f3ptico optimizado de alta eficacia 140lm \/ w +<br \/>\n\u2022 \u00c1ngulo de haz asim\u00e9trico para aplicaciones particulares con poco brillo (como cancha de tenis) \u2022 Alto rendimiento Philips 3030SMD<br \/>\n\u2022 Controlador de potencia Meanwell o SOSEN de alta calidad<br \/>\n\u2022 Robusto IP66 a prueba de agua + vidrio templado de 4 mm para uso industrial<br \/>\n\u2022 5 a\u00f1os de garant\u00eda<\/p>\n","protected":false},"featured_media":1016,"template":"","meta":{"_monsterinsights_skip_tracking":false,"_monsterinsights_sitenote_active":false,"_monsterinsights_sitenote_note":"","_monsterinsights_sitenote_category":0},"product_brand":[],"product_cat":[15,174],"product_tag":[],"class_list":{"0":"post-1013","1":"product","2":"type-product","3":"status-publish","4":"has-post-thumbnail","6":"product_cat-todos","7":"product_cat-led-flood-light","9":"first","10":"instock","11":"featured","12":"shipping-taxable","13":"product-type-simple"},"_links":{"self":[{"href":"https:\/\/dlux-led.com\/es\/wp-json\/wp\/v2\/product\/1013","targetHints":{"allow":["GET"]}}],"collection":[{"href":"https:\/\/dlux-led.com\/es\/wp-json\/wp\/v2\/product"}],"about":[{"href":"https:\/\/dlux-led.com\/es\/wp-json\/wp\/v2\/types\/product"}],"wp:featuredmedia":[{"embeddable":true,"href":"https:\/\/dlux-led.com\/es\/wp-json\/wp\/v2\/media\/1016"}],"wp:attachment":[{"href":"https:\/\/dlux-led.com\/es\/wp-json\/wp\/v2\/media?parent=1013"}],"wp:term":[{"taxonomy":"product_brand","embeddable":true,"href":"https:\/\/dlux-led.com\/es\/wp-json\/wp\/v2\/product_brand?post=1013"},{"taxonomy":"product_cat","embeddable":true,"href":"https:\/\/dlux-led.com\/es\/wp-json\/wp\/v2\/product_cat?post=1013"},{"taxonomy":"product_tag","embeddable":true,"href":"https:\/\/dlux-led.com\/es\/wp-json\/wp\/v2\/product_tag?post=1013"}],"curies":[{"name":"wp","href":"https:\/\/api.w.org\/{rel}","templated":true}]}}