{"id":1017,"date":"2018-12-03T21:22:43","date_gmt":"2018-12-03T21:22:43","guid":{"rendered":"https:\/\/dlux-led.com\/?post_type=product&#038;p=1017"},"modified":"2018-12-17T19:24:25","modified_gmt":"2018-12-17T19:24:25","slug":"high-power-led-light150-lm-w","status":"publish","type":"product","link":"https:\/\/dlux-led.com\/es\/producto\/high-power-led-light150-lm-w\/","title":{"rendered":"High power LED Flood light(150 LM\/W)"},"content":{"rendered":"<p><strong>Aplicaciones:<\/strong> Estadio, cancha de f\u00fatbol, \u200b\u200bcancha de tenis, cancha de b\u00e1squetbol, \u200b\u200bestacionamiento, etc.<\/p>\n<p><img loading=\"lazy\" decoding=\"async\" class=\"alignnone wp-image-1022 size-medium\" src=\"https:\/\/dlux-led.com\/wp-content\/uploads\/2018\/12\/High-power-LED-light150-LMW-destacada-602x400.jpg\" alt=\"\" width=\"602\" height=\"400\" srcset=\"https:\/\/dlux-led.com\/wp-content\/uploads\/2018\/12\/High-power-LED-light150-LMW-destacada-602x400.jpg 602w, https:\/\/dlux-led.com\/wp-content\/uploads\/2018\/12\/High-power-LED-light150-LMW-destacada-510x339.jpg 510w, https:\/\/dlux-led.com\/wp-content\/uploads\/2018\/12\/High-power-LED-light150-LMW-destacada.jpg 1028w\" sizes=\"auto, (max-width: 602px) 100vw, 602px\" \/><\/p>\n","protected":false},"excerpt":{"rendered":"<p>\u2022 Excelente lente \u00f3ptica optimizada de 150 lm \/ w +, principalmente para iluminaci\u00f3n deportiva de m\u00e1stil \u2022 Alto rendimiento Philips 5050SMD<br \/>\n\u2022 Serie de HLG de alta calidad Meanwell<br \/>\n\u2022 Disipador de calor de aluminio 1070 puro con excelente disipaci\u00f3n t\u00e9rmica.<br \/>\n\u2022 Dise\u00f1o modular elegante para una r\u00e1pida transferencia de calor y f\u00e1cil mantenimiento \u2022 Robust IP65 e IK08 opcional para uso industrial<br \/>\n\u2022 Soluci\u00f3n de alta potencia para aplicaciones de m\u00e1stil como iluminaci\u00f3n de estadios deportivos \u2022 Garant\u00eda de 5 a\u00f1os<\/p>\n","protected":false},"featured_media":1020,"template":"","meta":{"_monsterinsights_skip_tracking":false,"_monsterinsights_sitenote_active":false,"_monsterinsights_sitenote_note":"","_monsterinsights_sitenote_category":0},"product_brand":[],"product_cat":[15,194,174],"product_tag":[],"class_list":{"0":"post-1017","1":"product","2":"type-product","3":"status-publish","4":"has-post-thumbnail","6":"product_cat-todos","7":"product_cat-destacados","8":"product_cat-led-flood-light","10":"first","11":"instock","12":"featured","13":"shipping-taxable","14":"product-type-simple"},"_links":{"self":[{"href":"https:\/\/dlux-led.com\/es\/wp-json\/wp\/v2\/product\/1017","targetHints":{"allow":["GET"]}}],"collection":[{"href":"https:\/\/dlux-led.com\/es\/wp-json\/wp\/v2\/product"}],"about":[{"href":"https:\/\/dlux-led.com\/es\/wp-json\/wp\/v2\/types\/product"}],"wp:featuredmedia":[{"embeddable":true,"href":"https:\/\/dlux-led.com\/es\/wp-json\/wp\/v2\/media\/1020"}],"wp:attachment":[{"href":"https:\/\/dlux-led.com\/es\/wp-json\/wp\/v2\/media?parent=1017"}],"wp:term":[{"taxonomy":"product_brand","embeddable":true,"href":"https:\/\/dlux-led.com\/es\/wp-json\/wp\/v2\/product_brand?post=1017"},{"taxonomy":"product_cat","embeddable":true,"href":"https:\/\/dlux-led.com\/es\/wp-json\/wp\/v2\/product_cat?post=1017"},{"taxonomy":"product_tag","embeddable":true,"href":"https:\/\/dlux-led.com\/es\/wp-json\/wp\/v2\/product_tag?post=1017"}],"curies":[{"name":"wp","href":"https:\/\/api.w.org\/{rel}","templated":true}]}}