{"id":1034,"date":"2018-12-03T22:05:33","date_gmt":"2018-12-03T22:05:33","guid":{"rendered":"https:\/\/dlux-led.com\/?post_type=product&#038;p=1034"},"modified":"2018-12-17T18:54:07","modified_gmt":"2018-12-17T18:54:07","slug":"plastic-led-tri-proof-lights","status":"publish","type":"product","link":"https:\/\/dlux-led.com\/es\/producto\/plastic-led-tri-proof-lights\/","title":{"rendered":"Plastic LED tri-proof lights"},"content":{"rendered":"<p><strong>Aplicaciones:<\/strong> Almac\u00e9n, c\u00e1mara frigor\u00edfica, taller, estacionamiento, ubicaci\u00f3n h\u00fameda, etc.<\/p>\n<p><img loading=\"lazy\" decoding=\"async\" class=\"alignnone wp-image-1035 size-full\" src=\"https:\/\/dlux-led.com\/wp-content\/uploads\/2018\/12\/Triproof-LED.jpg\" alt=\"\" width=\"1043\" height=\"785\" \/><\/p>\n","protected":false},"excerpt":{"rendered":"<p>\u2022 Alta eficacia 110lm \/ w, 80Ra<br \/>\n\u2022 Chip Epistar de alto rendimiento 2835SMD<br \/>\n\u2022 Controlador de potencia aprobado por UL o TUV de alta calidad<br \/>\n\u2022 Clasificaci\u00f3n robusta IP65 con dise\u00f1o a prueba de corrosi\u00f3n y polvo para uso industrial<br \/>\n\u2022 Carcasa de PC decente con pl\u00e1stico opcional o clip de metal<br \/>\n\u2022 Lente clara y lechosa opcional.<\/p>\n","protected":false},"featured_media":1036,"template":"","meta":{"_monsterinsights_skip_tracking":false,"_monsterinsights_sitenote_active":false,"_monsterinsights_sitenote_note":"","_monsterinsights_sitenote_category":0},"product_brand":[],"product_cat":[15,176],"product_tag":[],"class_list":{"0":"post-1034","1":"product","2":"type-product","3":"status-publish","4":"has-post-thumbnail","6":"product_cat-todos","7":"product_cat-led-triproof-light","9":"first","10":"instock","11":"featured","12":"shipping-taxable","13":"product-type-simple"},"_links":{"self":[{"href":"https:\/\/dlux-led.com\/es\/wp-json\/wp\/v2\/product\/1034","targetHints":{"allow":["GET"]}}],"collection":[{"href":"https:\/\/dlux-led.com\/es\/wp-json\/wp\/v2\/product"}],"about":[{"href":"https:\/\/dlux-led.com\/es\/wp-json\/wp\/v2\/types\/product"}],"wp:featuredmedia":[{"embeddable":true,"href":"https:\/\/dlux-led.com\/es\/wp-json\/wp\/v2\/media\/1036"}],"wp:attachment":[{"href":"https:\/\/dlux-led.com\/es\/wp-json\/wp\/v2\/media?parent=1034"}],"wp:term":[{"taxonomy":"product_brand","embeddable":true,"href":"https:\/\/dlux-led.com\/es\/wp-json\/wp\/v2\/product_brand?post=1034"},{"taxonomy":"product_cat","embeddable":true,"href":"https:\/\/dlux-led.com\/es\/wp-json\/wp\/v2\/product_cat?post=1034"},{"taxonomy":"product_tag","embeddable":true,"href":"https:\/\/dlux-led.com\/es\/wp-json\/wp\/v2\/product_tag?post=1034"}],"curies":[{"name":"wp","href":"https:\/\/api.w.org\/{rel}","templated":true}]}}