{"id":1045,"date":"2018-12-03T23:00:08","date_gmt":"2018-12-03T23:00:08","guid":{"rendered":"https:\/\/dlux-led.com\/?post_type=product&#038;p=1045"},"modified":"2019-07-01T23:17:43","modified_gmt":"2019-07-01T23:17:43","slug":"led-shoebox-light","status":"publish","type":"product","link":"https:\/\/dlux-led.com\/es\/producto\/led-shoebox-light\/","title":{"rendered":"LED shoebox light"},"content":{"rendered":"<p><strong>Aplicaciones: <\/strong>Carretera, camino alto, camino peatonal, estacionamiento, jard\u00edn, etc.<\/p>\n<p><img loading=\"lazy\" decoding=\"async\" class=\"alignnone size-full wp-image-1047\" src=\"https:\/\/dlux-led.com\/wp-content\/uploads\/2018\/12\/shoe-lights.jpg\" alt=\"\" width=\"1037\" height=\"647\" \/><\/p>\n<p>&nbsp;<\/p>\n","protected":false},"excerpt":{"rendered":"<p>\u2022 Dise\u00f1o elegante con sobresaliente 130lm \/ w<br \/>\n\u2022 Alto rendimiento Philips 3030SMD<br \/>\n\u2022 Controlador de potencia serie Meanwell HLG de alto rendimiento<br \/>\n\u2022 Carcasa de aluminio inteligente modulada y de calidad ADC12.<br \/>\n\u2022 Robusto IP66 con dise\u00f1o de caja de alimentaci\u00f3n interna, f\u00e1cil de mantener<br \/>\n\u2022 \u00c1ngulo de haz asim\u00e9trico de 80 \u00b0 * 120 \u00b0 para carreteras, iluminaci\u00f3n de estacionamientos<br \/>\n\u2022 Disponible en funci\u00f3n de sensor de fotoc\u00e9lula inteligente<\/p>\n","protected":false},"featured_media":1048,"template":"","meta":{"_monsterinsights_skip_tracking":false,"_monsterinsights_sitenote_active":false,"_monsterinsights_sitenote_note":"","_monsterinsights_sitenote_category":0},"product_brand":[],"product_cat":[15,194,177,178],"product_tag":[],"class_list":{"0":"post-1045","1":"product","2":"type-product","3":"status-publish","4":"has-post-thumbnail","6":"product_cat-todos","7":"product_cat-destacados","8":"product_cat-led-shoebox-light","9":"product_cat-led-street-light","11":"first","12":"instock","13":"shipping-taxable","14":"product-type-simple"},"_links":{"self":[{"href":"https:\/\/dlux-led.com\/es\/wp-json\/wp\/v2\/product\/1045","targetHints":{"allow":["GET"]}}],"collection":[{"href":"https:\/\/dlux-led.com\/es\/wp-json\/wp\/v2\/product"}],"about":[{"href":"https:\/\/dlux-led.com\/es\/wp-json\/wp\/v2\/types\/product"}],"wp:featuredmedia":[{"embeddable":true,"href":"https:\/\/dlux-led.com\/es\/wp-json\/wp\/v2\/media\/1048"}],"wp:attachment":[{"href":"https:\/\/dlux-led.com\/es\/wp-json\/wp\/v2\/media?parent=1045"}],"wp:term":[{"taxonomy":"product_brand","embeddable":true,"href":"https:\/\/dlux-led.com\/es\/wp-json\/wp\/v2\/product_brand?post=1045"},{"taxonomy":"product_cat","embeddable":true,"href":"https:\/\/dlux-led.com\/es\/wp-json\/wp\/v2\/product_cat?post=1045"},{"taxonomy":"product_tag","embeddable":true,"href":"https:\/\/dlux-led.com\/es\/wp-json\/wp\/v2\/product_tag?post=1045"}],"curies":[{"name":"wp","href":"https:\/\/api.w.org\/{rel}","templated":true}]}}