{"id":1075,"date":"2018-12-06T04:24:03","date_gmt":"2018-12-06T04:24:03","guid":{"rendered":"https:\/\/dlux-led.com\/?post_type=product&#038;p=1075"},"modified":"2018-12-17T18:55:13","modified_gmt":"2018-12-17T18:55:13","slug":"led-canopy-light-explosion-proof","status":"publish","type":"product","link":"https:\/\/dlux-led.com\/es\/producto\/led-canopy-light-explosion-proof\/","title":{"rendered":"LED canopy light (explosion-proof)"},"content":{"rendered":"<p><strong>Aplicaci\u00f3n:<\/strong> Gasolinera, garaje, bodega, etc<\/p>\n<p><img loading=\"lazy\" decoding=\"async\" class=\"alignnone size-medium wp-image-1076\" src=\"https:\/\/dlux-led.com\/wp-content\/uploads\/2018\/12\/LED-CANOPY-800x291.jpg\" alt=\"\" width=\"800\" height=\"291\" srcset=\"https:\/\/dlux-led.com\/wp-content\/uploads\/2018\/12\/LED-CANOPY-800x291.jpg 800w, https:\/\/dlux-led.com\/wp-content\/uploads\/2018\/12\/LED-CANOPY-768x279.jpg 768w, https:\/\/dlux-led.com\/wp-content\/uploads\/2018\/12\/LED-CANOPY-510x185.jpg 510w, https:\/\/dlux-led.com\/wp-content\/uploads\/2018\/12\/LED-CANOPY.jpg 1002w\" sizes=\"auto, (max-width: 800px) 100vw, 800px\" \/><\/p>\n","protected":false},"excerpt":{"rendered":"<p>\u2022 Dise\u00f1o robusto IP68 e IK08 con protecci\u00f3n contra explosiones, dise\u00f1ado principalmente para estaciones de servicio y garajes.<br \/>\n\u2022 Philips 3030SMD de alto rendimiento con 130lm \/ w<br \/>\n\u2022 Opci\u00f3n de alta calidad del controlador de potencia Meanwell y controlador SOSEN<br \/>\n\u2022 Carcasa de AL de fundici\u00f3n a presi\u00f3n de alta conductividad t\u00e9rmica<br \/>\n\u2022 M\u00f3dulo de luz incorporado, f\u00e1cil mantenimiento, bajo costo de mantenimiento<br \/>\n\u2022 Dise\u00f1o decente con carcasa de color blanco y negro opcional<br \/>\n\u2022 Montaje directo en superficie y montaje colgante opcional.<\/p>\n","protected":false},"featured_media":1077,"template":"","meta":{"_monsterinsights_skip_tracking":false,"_monsterinsights_sitenote_active":false,"_monsterinsights_sitenote_note":"","_monsterinsights_sitenote_category":0},"product_brand":[],"product_cat":[15,179],"product_tag":[],"class_list":{"0":"post-1075","1":"product","2":"type-product","3":"status-publish","4":"has-post-thumbnail","6":"product_cat-todos","7":"product_cat-led-canopy-light","9":"first","10":"instock","11":"shipping-taxable","12":"product-type-simple"},"_links":{"self":[{"href":"https:\/\/dlux-led.com\/es\/wp-json\/wp\/v2\/product\/1075","targetHints":{"allow":["GET"]}}],"collection":[{"href":"https:\/\/dlux-led.com\/es\/wp-json\/wp\/v2\/product"}],"about":[{"href":"https:\/\/dlux-led.com\/es\/wp-json\/wp\/v2\/types\/product"}],"wp:featuredmedia":[{"embeddable":true,"href":"https:\/\/dlux-led.com\/es\/wp-json\/wp\/v2\/media\/1077"}],"wp:attachment":[{"href":"https:\/\/dlux-led.com\/es\/wp-json\/wp\/v2\/media?parent=1075"}],"wp:term":[{"taxonomy":"product_brand","embeddable":true,"href":"https:\/\/dlux-led.com\/es\/wp-json\/wp\/v2\/product_brand?post=1075"},{"taxonomy":"product_cat","embeddable":true,"href":"https:\/\/dlux-led.com\/es\/wp-json\/wp\/v2\/product_cat?post=1075"},{"taxonomy":"product_tag","embeddable":true,"href":"https:\/\/dlux-led.com\/es\/wp-json\/wp\/v2\/product_tag?post=1075"}],"curies":[{"name":"wp","href":"https:\/\/api.w.org\/{rel}","templated":true}]}}