{"id":1079,"date":"2018-12-06T04:43:09","date_gmt":"2018-12-06T04:43:09","guid":{"rendered":"https:\/\/dlux-led.com\/?post_type=product&#038;p=1079"},"modified":"2018-12-17T18:55:13","modified_gmt":"2018-12-17T18:55:13","slug":"ip65-led-canopy-light","status":"publish","type":"product","link":"https:\/\/dlux-led.com\/es\/producto\/ip65-led-canopy-light\/","title":{"rendered":"IP65 LED canopy light"},"content":{"rendered":"<p><strong>Aplicaciones<\/strong>: Gasolinera, garaje, bodega, etc.<\/p>\n<p><img loading=\"lazy\" decoding=\"async\" class=\"alignnone size-medium wp-image-1080\" src=\"https:\/\/dlux-led.com\/wp-content\/uploads\/2018\/12\/Canopy-LED-534x400.jpg\" alt=\"\" width=\"534\" height=\"400\" srcset=\"https:\/\/dlux-led.com\/wp-content\/uploads\/2018\/12\/Canopy-LED-534x400.jpg 534w, https:\/\/dlux-led.com\/wp-content\/uploads\/2018\/12\/Canopy-LED-768x575.jpg 768w, https:\/\/dlux-led.com\/wp-content\/uploads\/2018\/12\/Canopy-LED-510x382.jpg 510w, https:\/\/dlux-led.com\/wp-content\/uploads\/2018\/12\/Canopy-LED.jpg 1015w\" sizes=\"auto, (max-width: 534px) 100vw, 534px\" \/><\/p>\n","protected":false},"excerpt":{"rendered":"<p>\u2022 Dise\u00f1o robusto con poli\u00e9ster acabado en polvo, resistente a la corrosi\u00f3n y corrosi\u00f3n<br \/>\n\u2022 Alto rendimiento2835SMD con 130 lm \/ w<br \/>\n\u2022 Alta calidad, medio controlador de energ\u00eda y SOSENdriveroption<br \/>\n\u2022 Alta temperatura, baja conducci\u00f3n, fundici\u00f3n, vivienda<br \/>\n\u2022 M\u00f3dulo de luz incorporado, mantenimiento sencillo, mantenimiento de bajo mantenimiento<br \/>\n\u2022 Vivienda decente<br \/>\n\u2022 3Tipo de instalaciones de diferentes aplicaciones<\/p>\n","protected":false},"featured_media":1081,"template":"","meta":{"_monsterinsights_skip_tracking":false,"_monsterinsights_sitenote_active":false,"_monsterinsights_sitenote_note":"","_monsterinsights_sitenote_category":0},"product_brand":[],"product_cat":[15,179],"product_tag":[],"class_list":{"0":"post-1079","1":"product","2":"type-product","3":"status-publish","4":"has-post-thumbnail","6":"product_cat-todos","7":"product_cat-led-canopy-light","9":"first","10":"instock","11":"shipping-taxable","12":"product-type-simple"},"_links":{"self":[{"href":"https:\/\/dlux-led.com\/es\/wp-json\/wp\/v2\/product\/1079","targetHints":{"allow":["GET"]}}],"collection":[{"href":"https:\/\/dlux-led.com\/es\/wp-json\/wp\/v2\/product"}],"about":[{"href":"https:\/\/dlux-led.com\/es\/wp-json\/wp\/v2\/types\/product"}],"wp:featuredmedia":[{"embeddable":true,"href":"https:\/\/dlux-led.com\/es\/wp-json\/wp\/v2\/media\/1081"}],"wp:attachment":[{"href":"https:\/\/dlux-led.com\/es\/wp-json\/wp\/v2\/media?parent=1079"}],"wp:term":[{"taxonomy":"product_brand","embeddable":true,"href":"https:\/\/dlux-led.com\/es\/wp-json\/wp\/v2\/product_brand?post=1079"},{"taxonomy":"product_cat","embeddable":true,"href":"https:\/\/dlux-led.com\/es\/wp-json\/wp\/v2\/product_cat?post=1079"},{"taxonomy":"product_tag","embeddable":true,"href":"https:\/\/dlux-led.com\/es\/wp-json\/wp\/v2\/product_tag?post=1079"}],"curies":[{"name":"wp","href":"https:\/\/api.w.org\/{rel}","templated":true}]}}