{"id":1083,"date":"2018-12-06T04:57:31","date_gmt":"2018-12-06T04:57:31","guid":{"rendered":"https:\/\/dlux-led.com\/?post_type=product&#038;p=1083"},"modified":"2018-12-17T18:55:33","modified_gmt":"2018-12-17T18:55:33","slug":"linear-led-high-bay-light-130-lm-w","status":"publish","type":"product","link":"https:\/\/dlux-led.com\/es\/producto\/linear-led-high-bay-light-130-lm-w\/","title":{"rendered":"Linear LED high bay light (130 LM\/W)"},"content":{"rendered":"<p><strong>Aplicaciones<\/strong>: Almacenes, talleres, instalaciones deportivas, supermercados, corredores de techos altos, etc.<\/p>\n<p><img loading=\"lazy\" decoding=\"async\" class=\"alignnone size-medium wp-image-1084\" src=\"https:\/\/dlux-led.com\/wp-content\/uploads\/2018\/12\/LINEAR-LED-639x400.jpg\" alt=\"\" width=\"639\" height=\"400\" srcset=\"https:\/\/dlux-led.com\/wp-content\/uploads\/2018\/12\/LINEAR-LED-639x400.jpg 639w, https:\/\/dlux-led.com\/wp-content\/uploads\/2018\/12\/LINEAR-LED-768x481.jpg 768w, https:\/\/dlux-led.com\/wp-content\/uploads\/2018\/12\/LINEAR-LED-510x319.jpg 510w, https:\/\/dlux-led.com\/wp-content\/uploads\/2018\/12\/LINEAR-LED.jpg 1017w\" sizes=\"auto, (max-width: 639px) 100vw, 639px\" \/><\/p>\n","protected":false},"excerpt":{"rendered":"<p>\u2022 Sobresaliente130lm \/ conPhilips3030SMD<br \/>\n\u2022 Controlador de potencia serie Meanwell HLG de alto rendimiento<br \/>\n\u2022 Dise\u00f1o individualizado y modular con una perfecta disipaci\u00f3n y mantenimiento.<br \/>\n\u2022 Conectar una l\u00ednea de dise\u00f1o que ofrezca m\u00e1s revoluciones en la luz<br \/>\n\u2022 IP65 robusto para uso industrial.<br \/>\n\u2022 5 tipos de soluci\u00f3n de \u00e1ngulo de haz para diferentes aplicaciones industriales<br \/>\n\u2022 2 v\u00edas de instalaci\u00f3n (montaje en superficie, suspensi\u00f3n) para la aplicaci\u00f3n del proyecto que var\u00eda<\/p>\n","protected":false},"featured_media":1085,"template":"","meta":{"_monsterinsights_skip_tracking":false,"_monsterinsights_sitenote_active":false,"_monsterinsights_sitenote_note":"","_monsterinsights_sitenote_category":0},"product_brand":[],"product_cat":[15,175],"product_tag":[],"class_list":{"0":"post-1083","1":"product","2":"type-product","3":"status-publish","4":"has-post-thumbnail","6":"product_cat-todos","7":"product_cat-led-high-bay-light","9":"first","10":"instock","11":"shipping-taxable","12":"product-type-simple"},"_links":{"self":[{"href":"https:\/\/dlux-led.com\/es\/wp-json\/wp\/v2\/product\/1083","targetHints":{"allow":["GET"]}}],"collection":[{"href":"https:\/\/dlux-led.com\/es\/wp-json\/wp\/v2\/product"}],"about":[{"href":"https:\/\/dlux-led.com\/es\/wp-json\/wp\/v2\/types\/product"}],"wp:featuredmedia":[{"embeddable":true,"href":"https:\/\/dlux-led.com\/es\/wp-json\/wp\/v2\/media\/1085"}],"wp:attachment":[{"href":"https:\/\/dlux-led.com\/es\/wp-json\/wp\/v2\/media?parent=1083"}],"wp:term":[{"taxonomy":"product_brand","embeddable":true,"href":"https:\/\/dlux-led.com\/es\/wp-json\/wp\/v2\/product_brand?post=1083"},{"taxonomy":"product_cat","embeddable":true,"href":"https:\/\/dlux-led.com\/es\/wp-json\/wp\/v2\/product_cat?post=1083"},{"taxonomy":"product_tag","embeddable":true,"href":"https:\/\/dlux-led.com\/es\/wp-json\/wp\/v2\/product_tag?post=1083"}],"curies":[{"name":"wp","href":"https:\/\/api.w.org\/{rel}","templated":true}]}}