{"id":1136,"date":"2018-12-06T07:20:43","date_gmt":"2018-12-06T07:20:43","guid":{"rendered":"https:\/\/dlux-led.com\/?post_type=product&#038;p=1136"},"modified":"2018-12-17T18:58:04","modified_gmt":"2018-12-17T18:58:04","slug":"slimeline-led-battern-light","status":"publish","type":"product","link":"https:\/\/dlux-led.com\/es\/producto\/slimeline-led-battern-light\/","title":{"rendered":"Slimeline LED Battern Light"},"content":{"rendered":"<p><strong>Aplicaciones<\/strong>:\u00a0Oficina, hospital, colegio, sala de reuniones, supermercado, etc.<\/p>\n<p><img loading=\"lazy\" decoding=\"async\" class=\"alignnone size-medium wp-image-1137\" src=\"https:\/\/dlux-led.com\/wp-content\/uploads\/2018\/12\/aplica-en--515x400.jpg\" alt=\"\" width=\"515\" height=\"400\" srcset=\"https:\/\/dlux-led.com\/wp-content\/uploads\/2018\/12\/aplica-en--515x400.jpg 515w, https:\/\/dlux-led.com\/wp-content\/uploads\/2018\/12\/aplica-en--768x597.jpg 768w, https:\/\/dlux-led.com\/wp-content\/uploads\/2018\/12\/aplica-en--510x396.jpg 510w, https:\/\/dlux-led.com\/wp-content\/uploads\/2018\/12\/aplica-en-.jpg 983w\" sizes=\"auto, (max-width: 515px) 100vw, 515px\" \/><\/p>\n","protected":false},"excerpt":{"rendered":"<p>\u2022 Reemplazo perfecto para tubos fluorescentes simples y dobles<br \/>\n\u2022 Alta eficacia 100lm \/ w a 80Ra<br \/>\n\u2022 Dise\u00f1o enlazable que proporciona una conexi\u00f3n perfecta<br \/>\n\u2022 Distribuci\u00f3n uniforme de iluminaci\u00f3n suave.<br \/>\n\u2022 Efectivo disipador de calor + lente PC<br \/>\n\u2022 F\u00e1cil instalaci\u00f3n utilizando el soporte suministrado para suspensi\u00f3n y fijaci\u00f3n directa<\/p>\n","protected":false},"featured_media":1138,"template":"","meta":{"_monsterinsights_skip_tracking":false,"_monsterinsights_sitenote_active":false,"_monsterinsights_sitenote_note":"","_monsterinsights_sitenote_category":0},"product_brand":[],"product_cat":[15,183],"product_tag":[],"class_list":{"0":"post-1136","1":"product","2":"type-product","3":"status-publish","4":"has-post-thumbnail","6":"product_cat-todos","7":"product_cat-led-battern-light","9":"first","10":"instock","11":"shipping-taxable","12":"product-type-simple"},"_links":{"self":[{"href":"https:\/\/dlux-led.com\/es\/wp-json\/wp\/v2\/product\/1136","targetHints":{"allow":["GET"]}}],"collection":[{"href":"https:\/\/dlux-led.com\/es\/wp-json\/wp\/v2\/product"}],"about":[{"href":"https:\/\/dlux-led.com\/es\/wp-json\/wp\/v2\/types\/product"}],"wp:featuredmedia":[{"embeddable":true,"href":"https:\/\/dlux-led.com\/es\/wp-json\/wp\/v2\/media\/1138"}],"wp:attachment":[{"href":"https:\/\/dlux-led.com\/es\/wp-json\/wp\/v2\/media?parent=1136"}],"wp:term":[{"taxonomy":"product_brand","embeddable":true,"href":"https:\/\/dlux-led.com\/es\/wp-json\/wp\/v2\/product_brand?post=1136"},{"taxonomy":"product_cat","embeddable":true,"href":"https:\/\/dlux-led.com\/es\/wp-json\/wp\/v2\/product_cat?post=1136"},{"taxonomy":"product_tag","embeddable":true,"href":"https:\/\/dlux-led.com\/es\/wp-json\/wp\/v2\/product_tag?post=1136"}],"curies":[{"name":"wp","href":"https:\/\/api.w.org\/{rel}","templated":true}]}}