{"id":1159,"date":"2018-12-11T00:25:54","date_gmt":"2018-12-11T00:25:54","guid":{"rendered":"https:\/\/dlux-led.com\/?post_type=product&#038;p=1159"},"modified":"2018-12-17T19:00:19","modified_gmt":"2018-12-17T19:00:19","slug":"cob-downlight-d-series","status":"publish","type":"product","link":"https:\/\/dlux-led.com\/es\/producto\/cob-downlight-d-series\/","title":{"rendered":"COB Downlight D Series"},"content":{"rendered":"<p><strong>Aplicaciones:<\/strong>\u00a0Centro comercial, tienda minorista, hotel, centro de convenciones, etc.<\/p>\n<p>&nbsp;<\/p>\n<p><img loading=\"lazy\" decoding=\"async\" class=\"alignnone size-medium wp-image-1160\" src=\"https:\/\/dlux-led.com\/wp-content\/uploads\/2018\/12\/aplicaciones-1-1-516x400.jpg\" alt=\"\" width=\"516\" height=\"400\" srcset=\"https:\/\/dlux-led.com\/wp-content\/uploads\/2018\/12\/aplicaciones-1-1-516x400.jpg 516w, https:\/\/dlux-led.com\/wp-content\/uploads\/2018\/12\/aplicaciones-1-1-768x595.jpg 768w, https:\/\/dlux-led.com\/wp-content\/uploads\/2018\/12\/aplicaciones-1-1-510x395.jpg 510w, https:\/\/dlux-led.com\/wp-content\/uploads\/2018\/12\/aplicaciones-1-1.jpg 983w\" sizes=\"auto, (max-width: 516px) 100vw, 516px\" \/><\/p>\n","protected":false},"excerpt":{"rendered":"<p>\u2022 Downlight LED COB de alto brillo con tama\u00f1o inteligente<br \/>\n\u2022 COB CITIZEN de alto rendimiento<br \/>\n\u2022 Efecto de iluminaci\u00f3n uniforme y suave.<br \/>\n\u2022 Controlador de potencia aprobado por UL de alta fiabilidad<br \/>\n\u2022 Carcasa robusta de aluminio con excelente control del calor<br \/>\n\u2022 Opci\u00f3n de atenuaci\u00f3n: Triac, 0-10V<br \/>\n\u2022 version Versi\u00f3n de instalaci\u00f3n de ubicaci\u00f3n h\u00fameda opcional<\/p>\n","protected":false},"featured_media":1161,"template":"","meta":{"_monsterinsights_skip_tracking":false,"_monsterinsights_sitenote_active":false,"_monsterinsights_sitenote_note":"","_monsterinsights_sitenote_category":0},"product_brand":[],"product_cat":[15,185],"product_tag":[],"class_list":{"0":"post-1159","1":"product","2":"type-product","3":"status-publish","4":"has-post-thumbnail","6":"product_cat-todos","7":"product_cat-led-downlight","9":"first","10":"instock","11":"shipping-taxable","12":"product-type-simple"},"_links":{"self":[{"href":"https:\/\/dlux-led.com\/es\/wp-json\/wp\/v2\/product\/1159","targetHints":{"allow":["GET"]}}],"collection":[{"href":"https:\/\/dlux-led.com\/es\/wp-json\/wp\/v2\/product"}],"about":[{"href":"https:\/\/dlux-led.com\/es\/wp-json\/wp\/v2\/types\/product"}],"wp:featuredmedia":[{"embeddable":true,"href":"https:\/\/dlux-led.com\/es\/wp-json\/wp\/v2\/media\/1161"}],"wp:attachment":[{"href":"https:\/\/dlux-led.com\/es\/wp-json\/wp\/v2\/media?parent=1159"}],"wp:term":[{"taxonomy":"product_brand","embeddable":true,"href":"https:\/\/dlux-led.com\/es\/wp-json\/wp\/v2\/product_brand?post=1159"},{"taxonomy":"product_cat","embeddable":true,"href":"https:\/\/dlux-led.com\/es\/wp-json\/wp\/v2\/product_cat?post=1159"},{"taxonomy":"product_tag","embeddable":true,"href":"https:\/\/dlux-led.com\/es\/wp-json\/wp\/v2\/product_tag?post=1159"}],"curies":[{"name":"wp","href":"https:\/\/api.w.org\/{rel}","templated":true}]}}