{"id":1172,"date":"2018-12-11T17:18:21","date_gmt":"2018-12-11T17:18:21","guid":{"rendered":"https:\/\/dlux-led.com\/?post_type=product&#038;p=1172"},"modified":"2018-12-17T19:00:19","modified_gmt":"2018-12-17T19:00:19","slug":"cob-downlight-g-series","status":"publish","type":"product","link":"https:\/\/dlux-led.com\/es\/producto\/cob-downlight-g-series\/","title":{"rendered":"COB Downlight G Series"},"content":{"rendered":"<p><strong>Aplicaciones:<\/strong>\u00a0\u00a0Centro comercial, tienda minorista, hotel, supermercado, etc.<\/p>\n<p><img loading=\"lazy\" decoding=\"async\" class=\"alignnone size-medium wp-image-1173\" src=\"https:\/\/dlux-led.com\/wp-content\/uploads\/2018\/12\/Aplicacion-1-2-535x400.jpg\" alt=\"\" width=\"535\" height=\"400\" srcset=\"https:\/\/dlux-led.com\/wp-content\/uploads\/2018\/12\/Aplicacion-1-2-535x400.jpg 535w, https:\/\/dlux-led.com\/wp-content\/uploads\/2018\/12\/Aplicacion-1-2-768x574.jpg 768w, https:\/\/dlux-led.com\/wp-content\/uploads\/2018\/12\/Aplicacion-1-2-510x381.jpg 510w, https:\/\/dlux-led.com\/wp-content\/uploads\/2018\/12\/Aplicacion-1-2.jpg 1004w\" sizes=\"auto, (max-width: 535px) 100vw, 535px\" \/><\/p>\n<p>&nbsp;<\/p>\n","protected":false},"excerpt":{"rendered":"<p>\u2022 Direcci\u00f3n de iluminaci\u00f3n ajustable con 350 \u00b0 horizontal y 25 \u00b0 vertical<br \/>\n\u2022 COB CIUDADANA de alto rendimiento<br \/>\n\u2022 Efecto de iluminaci\u00f3n uniforme y suave.<br \/>\n\u2022 Controlador de potencia aprobado por UL de alta fiabilidad<br \/>\n\u2022 3 tipos de soluci\u00f3n de \u00e1ngulo de haz \u00f3ptico<br \/>\n\u2022 Opci\u00f3n de atenuaci\u00f3n: Triac, 0-10V<\/p>\n","protected":false},"featured_media":1174,"template":"","meta":{"_monsterinsights_skip_tracking":false,"_monsterinsights_sitenote_active":false,"_monsterinsights_sitenote_note":"","_monsterinsights_sitenote_category":0},"product_brand":[],"product_cat":[15,185],"product_tag":[],"class_list":{"0":"post-1172","1":"product","2":"type-product","3":"status-publish","4":"has-post-thumbnail","6":"product_cat-todos","7":"product_cat-led-downlight","9":"first","10":"instock","11":"shipping-taxable","12":"product-type-simple"},"_links":{"self":[{"href":"https:\/\/dlux-led.com\/es\/wp-json\/wp\/v2\/product\/1172","targetHints":{"allow":["GET"]}}],"collection":[{"href":"https:\/\/dlux-led.com\/es\/wp-json\/wp\/v2\/product"}],"about":[{"href":"https:\/\/dlux-led.com\/es\/wp-json\/wp\/v2\/types\/product"}],"wp:featuredmedia":[{"embeddable":true,"href":"https:\/\/dlux-led.com\/es\/wp-json\/wp\/v2\/media\/1174"}],"wp:attachment":[{"href":"https:\/\/dlux-led.com\/es\/wp-json\/wp\/v2\/media?parent=1172"}],"wp:term":[{"taxonomy":"product_brand","embeddable":true,"href":"https:\/\/dlux-led.com\/es\/wp-json\/wp\/v2\/product_brand?post=1172"},{"taxonomy":"product_cat","embeddable":true,"href":"https:\/\/dlux-led.com\/es\/wp-json\/wp\/v2\/product_cat?post=1172"},{"taxonomy":"product_tag","embeddable":true,"href":"https:\/\/dlux-led.com\/es\/wp-json\/wp\/v2\/product_tag?post=1172"}],"curies":[{"name":"wp","href":"https:\/\/api.w.org\/{rel}","templated":true}]}}