{"id":1222,"date":"2018-12-11T20:58:31","date_gmt":"2018-12-11T20:58:31","guid":{"rendered":"https:\/\/dlux-led.com\/?post_type=product&#038;p=1222"},"modified":"2018-12-17T19:02:10","modified_gmt":"2018-12-17T19:02:10","slug":"rgb-led-wallwasher","status":"publish","type":"product","link":"https:\/\/dlux-led.com\/es\/producto\/rgb-led-wallwasher\/","title":{"rendered":"RGB LED Wallwasher"},"content":{"rendered":"<p><strong>Aplicaciones:\u00a0<\/strong>Centro comercial, fachada de edificio, hotel, restaurante, etc.<\/p>\n<p><img loading=\"lazy\" decoding=\"async\" class=\"alignnone size-medium wp-image-1223\" src=\"https:\/\/dlux-led.com\/wp-content\/uploads\/2018\/12\/Aplicacion-1-15-524x400.jpg\" alt=\"\" width=\"524\" height=\"400\" srcset=\"https:\/\/dlux-led.com\/wp-content\/uploads\/2018\/12\/Aplicacion-1-15-524x400.jpg 524w, https:\/\/dlux-led.com\/wp-content\/uploads\/2018\/12\/Aplicacion-1-15-768x586.jpg 768w, https:\/\/dlux-led.com\/wp-content\/uploads\/2018\/12\/Aplicacion-1-15-510x389.jpg 510w, https:\/\/dlux-led.com\/wp-content\/uploads\/2018\/12\/Aplicacion-1-15.jpg 984w\" sizes=\"auto, (max-width: 524px) 100vw, 524px\" \/><\/p>\n","protected":false},"excerpt":{"rendered":"<p>\u2022 Elegante efecto de iluminaci\u00f3n RGB linear ba\u00f1ador de pared<br \/>\n\u2022 Alto rendimiento Philips 3030RGBLED<br \/>\n\u2022 Controlador de potencia constante de alta calidad externo IP65 de 24V<br \/>\n\u2022 Dise\u00f1o inteligente plug and play con conector macho y hembra en dos extremos<br \/>\n\u2022 Cambio de color RGB a trav\u00e9s del controlador RGB impermeable y el control remoto<br \/>\n\u2022 Soluci\u00f3n de \u00e1ngulo de haz m\u00faltiple para diferentes aplicaciones de proyectos<\/p>\n","protected":false},"featured_media":1224,"template":"","meta":{"_monsterinsights_skip_tracking":false,"_monsterinsights_sitenote_active":false,"_monsterinsights_sitenote_note":"","_monsterinsights_sitenote_category":0},"product_brand":[],"product_cat":[15,188],"product_tag":[],"class_list":{"0":"post-1222","1":"product","2":"type-product","3":"status-publish","4":"has-post-thumbnail","6":"product_cat-todos","7":"product_cat-led-wallwasher","9":"first","10":"instock","11":"shipping-taxable","12":"product-type-simple"},"_links":{"self":[{"href":"https:\/\/dlux-led.com\/es\/wp-json\/wp\/v2\/product\/1222","targetHints":{"allow":["GET"]}}],"collection":[{"href":"https:\/\/dlux-led.com\/es\/wp-json\/wp\/v2\/product"}],"about":[{"href":"https:\/\/dlux-led.com\/es\/wp-json\/wp\/v2\/types\/product"}],"wp:featuredmedia":[{"embeddable":true,"href":"https:\/\/dlux-led.com\/es\/wp-json\/wp\/v2\/media\/1224"}],"wp:attachment":[{"href":"https:\/\/dlux-led.com\/es\/wp-json\/wp\/v2\/media?parent=1222"}],"wp:term":[{"taxonomy":"product_brand","embeddable":true,"href":"https:\/\/dlux-led.com\/es\/wp-json\/wp\/v2\/product_brand?post=1222"},{"taxonomy":"product_cat","embeddable":true,"href":"https:\/\/dlux-led.com\/es\/wp-json\/wp\/v2\/product_cat?post=1222"},{"taxonomy":"product_tag","embeddable":true,"href":"https:\/\/dlux-led.com\/es\/wp-json\/wp\/v2\/product_tag?post=1222"}],"curies":[{"name":"wp","href":"https:\/\/api.w.org\/{rel}","templated":true}]}}