{"id":1234,"date":"2018-12-11T21:37:44","date_gmt":"2018-12-11T21:37:44","guid":{"rendered":"https:\/\/dlux-led.com\/?post_type=product&#038;p=1234"},"modified":"2018-12-17T19:02:35","modified_gmt":"2018-12-17T19:02:35","slug":"high-voltage-led-strip-light","status":"publish","type":"product","link":"https:\/\/dlux-led.com\/es\/producto\/high-voltage-led-strip-light\/","title":{"rendered":"High Voltage LED Strip Light"},"content":{"rendered":"<p><strong>Aplicaciones:\u00a0<\/strong>Centro comercial, hotel, villa, restaurante, pasillo, se\u00f1alizaci\u00f3n, etc.<\/p>\n<p><img loading=\"lazy\" decoding=\"async\" class=\"alignnone size-full wp-image-1235\" src=\"https:\/\/dlux-led.com\/wp-content\/uploads\/2018\/12\/Aplicacion-1-18.jpg\" alt=\"\" width=\"544\" height=\"355\" srcset=\"https:\/\/dlux-led.com\/wp-content\/uploads\/2018\/12\/Aplicacion-1-18.jpg 544w, https:\/\/dlux-led.com\/wp-content\/uploads\/2018\/12\/Aplicacion-1-18-510x333.jpg 510w\" sizes=\"auto, (max-width: 544px) 100vw, 544px\" \/><\/p>\n","protected":false},"excerpt":{"rendered":"<p>\u2022 Dise\u00f1o plug and play de alta tensi\u00f3n.<br \/>\n\u2022 Chip de Osram o Epistar LED de alta calidad, 6W \/ M<br \/>\n\u2022 IP67 con tubo de extrusi\u00f3n de silicona de grado alimenticio<br \/>\n\u2022 IC importado de alta fiabilidad<br \/>\n\u2022 Longitud flexible con 30 w \/ rollo, cada una de 0,5 m de corte<br \/>\n\u2022 F\u00e1cil instalaci\u00f3n con clip de fijaci\u00f3n<br \/>\n\u2022 Efecto de iluminaci\u00f3n uniforme perfecto<\/p>\n","protected":false},"featured_media":1236,"template":"","meta":{"_monsterinsights_skip_tracking":false,"_monsterinsights_sitenote_active":false,"_monsterinsights_sitenote_note":"","_monsterinsights_sitenote_category":0},"product_brand":[],"product_cat":[15,189],"product_tag":[],"class_list":{"0":"post-1234","1":"product","2":"type-product","3":"status-publish","4":"has-post-thumbnail","6":"product_cat-todos","7":"product_cat-led-strip-light","9":"first","10":"instock","11":"shipping-taxable","12":"product-type-simple"},"_links":{"self":[{"href":"https:\/\/dlux-led.com\/es\/wp-json\/wp\/v2\/product\/1234","targetHints":{"allow":["GET"]}}],"collection":[{"href":"https:\/\/dlux-led.com\/es\/wp-json\/wp\/v2\/product"}],"about":[{"href":"https:\/\/dlux-led.com\/es\/wp-json\/wp\/v2\/types\/product"}],"wp:featuredmedia":[{"embeddable":true,"href":"https:\/\/dlux-led.com\/es\/wp-json\/wp\/v2\/media\/1236"}],"wp:attachment":[{"href":"https:\/\/dlux-led.com\/es\/wp-json\/wp\/v2\/media?parent=1234"}],"wp:term":[{"taxonomy":"product_brand","embeddable":true,"href":"https:\/\/dlux-led.com\/es\/wp-json\/wp\/v2\/product_brand?post=1234"},{"taxonomy":"product_cat","embeddable":true,"href":"https:\/\/dlux-led.com\/es\/wp-json\/wp\/v2\/product_cat?post=1234"},{"taxonomy":"product_tag","embeddable":true,"href":"https:\/\/dlux-led.com\/es\/wp-json\/wp\/v2\/product_tag?post=1234"}],"curies":[{"name":"wp","href":"https:\/\/api.w.org\/{rel}","templated":true}]}}